{"id":147,"date":"2023-04-11T14:32:22","date_gmt":"2023-04-11T14:32:22","guid":{"rendered":"https:\/\/icse.com.ar\/?page_id=147"},"modified":"2023-04-11T14:32:22","modified_gmt":"2023-04-11T14:32:22","slug":"camaras","status":"publish","type":"page","link":"https:\/\/icse.com.ar\/index.php\/camaras\/","title":{"rendered":"C\u00e1maras"},"content":{"rendered":"\n<ul class=\"wp-block-list\">\n<li>C\u00e1maras de seguridad cableadas y wifi.<\/li>\n\n\n\n<li>Instalaciones de c\u00e1maras IP con cableado certificado.<\/li>\n\n\n\n<li>Instalaci\u00f3n con canalizaci\u00f3n independiente seg\u00fan normativa vigente.<\/li>\n\n\n\n<li>Sistemas de visualizaci\u00f3n en vivo y mediante Plataforma web\/app con almacenamiento local en disco r\u00edgido o nube.<\/li>\n\n\n\n<li>Planificaci\u00f3n de obra y presupuestos para terceros.<\/li>\n<\/ul>\n","protected":false},"excerpt":{"rendered":"","protected":false},"author":1,"featured_media":115,"parent":0,"menu_order":0,"comment_status":"closed","ping_status":"closed","template":"","meta":{"_joinchat":[],"footnotes":""},"class_list":["post-147","page","type-page","status-publish","has-post-thumbnail"],"_links":{"self":[{"href":"https:\/\/icse.com.ar\/index.php\/wp-json\/wp\/v2\/pages\/147","targetHints":{"allow":["GET"]}}],"collection":[{"href":"https:\/\/icse.com.ar\/index.php\/wp-json\/wp\/v2\/pages"}],"about":[{"href":"https:\/\/icse.com.ar\/index.php\/wp-json\/wp\/v2\/types\/page"}],"author":[{"embeddable":true,"href":"https:\/\/icse.com.ar\/index.php\/wp-json\/wp\/v2\/users\/1"}],"replies":[{"embeddable":true,"href":"https:\/\/icse.com.ar\/index.php\/wp-json\/wp\/v2\/comments?post=147"}],"version-history":[{"count":1,"href":"https:\/\/icse.com.ar\/index.php\/wp-json\/wp\/v2\/pages\/147\/revisions"}],"predecessor-version":[{"id":148,"href":"https:\/\/icse.com.ar\/index.php\/wp-json\/wp\/v2\/pages\/147\/revisions\/148"}],"wp:featuredmedia":[{"embeddable":true,"href":"https:\/\/icse.com.ar\/index.php\/wp-json\/wp\/v2\/media\/115"}],"wp:attachment":[{"href":"https:\/\/icse.com.ar\/index.php\/wp-json\/wp\/v2\/media?parent=147"}],"curies":[{"name":"wp","href":"https:\/\/api.w.org\/{rel}","templated":true}]}}